{"id":3,"date":"2023-01-16T08:20:18","date_gmt":"2023-01-16T08:20:18","guid":{"rendered":"https:\/\/xestadem.com\/?page_id=3"},"modified":"2023-12-20T08:10:09","modified_gmt":"2023-12-20T07:10:09","slug":"politica-privacidad","status":"publish","type":"page","link":"https:\/\/xestadem.com\/en\/politica-privacidad\/","title":{"rendered":"Pol\u00edtica de privacidad"},"content":{"rendered":"<p><strong>1. RESPONSABLE DEL TRATAMIENTO<\/strong><\/p>\n<p>El Responsable del Tratamiento se corresponde con el del titular de este sitio web, cuyos datos completos figuran en el\u00a0<a href=\"\/en\/aviso-legal\/\" target=\"_blank\" rel=\"noopener\"><u><strong>Aviso legal<\/strong><\/u><\/a><\/p>\n<p id=\"datosTratados\" class=\"enc\"><strong>2. DATOS TRATADOS, FINALIDADES Y PLAZOS DE CONSERVACI\u00d3N<\/strong><\/p>\n<p>2.1\u00a0<u>Datos tratados<\/u>: A los efectos de la solicitud de informaci\u00f3n, contacto, cita o la suscripci\u00f3n de nuestros boletines y newsletter, se deber\u00e1n facilitar unos datos a trav\u00e9s de la cumplimentaci\u00f3n del formulario dispuesto a tal efecto, en el que se indicar\u00e1 cu\u00e1les de ellos tienen el car\u00e1cter de obligatorio.<\/p>\n<p>Durante la navegaci\u00f3n obtenemos datos que nos aportan informaci\u00f3n sobre usabilidad y preferencias de los usuarios, seg\u00fan los t\u00e9rminos y condiciones que se prev\u00e9n expresamente en el apartado de cookies.<\/p>\n<p>2.2\u00a0<u>Finalidades<\/u>: Las finalidades ser\u00e1n las siguientes<\/p>\n<ul>\n<li>1. Contacto: El correo electr\u00f3nico o el tel\u00e9fono facilitado para el contacto, ser\u00e1n utilizados para una efectiva contestaci\u00f3n a las cuestiones planteadas.<\/li>\n<li>2. Boletines o newsletters: El correo electr\u00f3nico, el cual deber\u00e1 ser verificado por el usuario, u otros similares, como pueda ser el tel\u00e9fono, ser\u00e1n utilizados para la remisi\u00f3n de los boletines o newsletters, de acuerdo a sus intereses.<\/li>\n<\/ul>\n<p>2.3\u00a0<u>Conservaci\u00f3n<\/u>. El plazo de conservaci\u00f3n ser\u00e1 el siguiente<\/p>\n<ul>\n<li>1. Contacto: Los datos ser\u00e1n borrados una vez se haya dado curso y respondido a la cuesti\u00f3n planteada por el usuario.<\/li>\n<li>2. Boletines o newsletters: Los datos ser\u00e1n tratados, desde que el usuario preste su consentimiento hasta la retirada del mismo, el cual podr\u00e1 otorgarse cuantas veces quiera. En cada comunicaci\u00f3n, el usuario encontrar\u00e1 un procedimiento gratuito y accesible para gestionarlo.<\/li>\n<\/ul>\n<p id=\"legitTratam\" class=\"enc\"><strong>3. LEGITIMACI\u00d3N DEL TRATAMIENTO<\/strong><\/p>\n<p>La base legal para el tratamiento de los datos facilitados ser\u00e1 el consentimiento otorgado por el usuario mediante la cumplimentaci\u00f3n del formulario y; (ii) la satisfacci\u00f3n de los intereses leg\u00edtimos del Responsable del Tratamiento.<\/p>\n<p id=\"destinatCesiones\" class=\"enc\"><strong>4. DESTINATARIOS Y CESIONES<\/strong><\/p>\n<p>No se realizar\u00e1n cesiones ni comunicaciones de datos, salvo las expresamente previstas por ley.<\/p>\n<p>No se encuentran previstas las transferencias internacionales de datos y los proveedores de servicios se encuentran en el Espacio Econ\u00f3mico Europeo.<\/p>\n<p id=\"ejercDerechos\" class=\"enc\"><strong>5. EJERCICIO DE DERECHOS<\/strong><\/p>\n<p>Cualquier persona tiene derecho a obtener confirmaci\u00f3n acerca de si se est\u00e1 procediendo al tratamiento de datos personales que les conciernan, o no. Las personas interesadas tienen derecho a si acceder a sus datos personales, as\u00ed como a solicitar la rectificaci\u00f3n de los datos inexactos o, en su caso, solicitar su supresi\u00f3n cuando, entre otros motivos, los datos ya no sean necesarios para los fines que fueron recogidos.<\/p>\n<p>En determinadas circunstancias, los interesados podr\u00e1n solicitar la limitaci\u00f3n del tratamiento de sus datos u oponerse al tratamiento de los mismos, en cuyo caso \u00fanicamente los conservaremos para el ejercicio o la defensa de reclamaciones.<\/p>\n<p>Para ello, los usuarios podr\u00e1n dirigir una comunicaci\u00f3n por escrito a la direcci\u00f3n fiscal o direcci\u00f3n de correo electr\u00f3nico que figuran en el\u00a0<a href=\"\/en\/aviso-legal\/\" target=\"_blank\" rel=\"noopener\"><u><strong>Aviso legal<\/strong><\/u><\/a>, incluyendo en ambos casos una fotocopia del documento nacional de identidad o documentaci\u00f3n acreditativa equivalente.<\/p>\n<p>En caso de que desea ejercer el derecho de portabilidad, se facilitar\u00e1 esos datos al nuevo Responsable.<\/p>\n<p>Nuestro compromiso es hacer accesible este sitio web, de conformidad con el Real Decreto 1112\/2018, de 7 de septiembre, sobre accesibilidad de los sitios web y aplicaciones para dispositivos m\u00f3viles del sector p\u00fablico.<\/p>\n<p><strong>SITUACI\u00d3N DE CUMPLIMIENTO<\/strong><br \/>\nEste sitio web es parcialmente conforme con el RD 1112\/2018 debido a las excepciones y a la falta de conformidad de los aspectos que se indican en el siguiente punto.<\/p>\n<p><strong>CONTENIDO NO ACCESIBLE<\/strong><br \/>\nEl contenido que se recoge a continuaci\u00f3n podr\u00eda no ser accesible por lo siguiente:<br \/>\nPodr\u00edan existir algunos aspectos de contraste que no cumplan los m\u00ednimos exigidos con respecto a los colores adyacentes del fondo.<br \/>\nPodr\u00edan existir algunos elementos no textuales no etiquetados correctamente.<br \/>\nLos buscadores buscan autom\u00e1ticamente sin necesidad de ordenar ninguna acci\u00f3n por parte del usuario.<br \/>\nPodr\u00edan existir algunos textos en otro idioma no etiquetados correctamente.<br \/>\nPodr\u00edan existir errores de c\u00f3digo puntuales de edici\u00f3n en alguna p\u00e1gina web.<br \/>\nPodr\u00edan existir archivos ofim\u00e1ticos en PDF u otros formatos publicados que no cumplan en su totalidad todos los requisitos de accesibilidad. Aunque se ha procurado que la mayor\u00eda de ellos s\u00ed lo cumplan.<\/p>\n<p><strong>PREPARACI\u00d3N DE LA SIGUIENTE DECLARACI\u00d3N DE ACCESIBILIDAD<\/strong><br \/>\nEl m\u00e9todo empleado para preparar la declaraci\u00f3n ha sido una autoevaluaci\u00f3n llevada a cabo por el responsable del desarrollo web.<\/p>\n<p><strong>OBSERVACIONES Y DATOS DE CONTACTO<\/strong><br \/>\nPuede realizar comunicaciones sobre requisitos de accesibilidad (articulo 10.2.a del RD 1112\/2018) como por ejemplo:<br \/>\n\u2022 Informar sobre cualquier posible incumplimiento por parte de este sitio web<br \/>\n\u2022 Transmitir otras dificultades de acceso al contenido<br \/>\n\u2022 Formular cualquier otra consulta o sugerencia de mejora relativa a la accesibilidad del sitio web<\/p>\n<p>Puede presentar:<br \/>\n\u2022 Queja relativa al cumplimiento de los requisitos del RD 1112\/2018 o<br \/>\n\u2022 Solicitud de Informaci\u00f3n accesible relativa a:<br \/>\nContenidos que est\u00e1n excluidos del \u00e1mbito de aplicaci\u00f3n del RD 1112\/2018 seg\u00fan lo establecido por el art\u00edculo 3, apartado 4<br \/>\nContenidos que est\u00e1n exentos del cumplimiento de los requisitos de accesibilidad por imponer una carga desproporcionada.<br \/>\nEn la Solicitud de informaci\u00f3n accesible, se debe concretar, con toda claridad, los hechos, razones y petici\u00f3n que permitan constatar que se trata de una solicitud razonable y leg\u00edtima.<\/p>\n<p><strong>PROCEDIMIENTO DE APLICACI\u00d3N<\/strong><br \/>\nSi una vez realizada una solicitud de informaci\u00f3n accesible o queja, \u00e9sta hubiera sido desestimada, no se estuviera de acuerdo con la decisi\u00f3n adoptada, o la respuesta no cumpliera los requisitos contemplados en el art\u00edculo 12.5, la persona interesada podr\u00e1 iniciar una reclamaci\u00f3n. Igualmente se podr\u00e1 iniciar una reclamaci\u00f3n en el caso de que haya transcurrido el plazo de veinte d\u00edas h\u00e1biles sin haber obtenido respuesta.<br \/>\nLa reclamaci\u00f3n puede ser presentada trav\u00e9s de la Instancia Gen\u00e9rica de la Sede electr\u00f3nica del Ministerio de Asuntos Econ\u00f3micos y Transformaci\u00f3n Digital , as\u00ed como en el resto de opciones recogidas en la Ley 39\/ 2015, de 1 de octubre, del Procedimiento Administrativo Com\u00fan de las Administraciones P\u00fablicas. Las reclamaciones ser\u00e1n recibidas y tratadas por la Subdirecci\u00f3n General de Inspecci\u00f3n de Servicios del Ministerio.<\/p>\n<p><strong>CONTENIDO OPCIONAL<\/strong><br \/>\nEste portal esta dise\u00f1ado para poder cambiar el tama\u00f1o del texto y el color, as\u00ed como el fondo de la pagina mediante las opciones de configuraci\u00f3n est\u00e1ndar de los navegadores.<br \/>\nSi desea cambiar el tama\u00f1o de letra del texto en los principales navegadores gr\u00e1ficos utilice los siguientes men\u00fas:<br \/>\n\u2022 Internet Explorer, Mozilla y Firefox: Ver &gt; Tama\u00f1o del texto<br \/>\n\u2022 Opera: Ver &gt; Zoom<br \/>\n\u2022 Safari: Ver &gt; Hacer el texto m\u00e1s grande<br \/>\n\u2022 Chrome: Controla la p\u00e1gina actual &gt; Tama\u00f1o del texto<br \/>\n\u2022 Para modificar el tama\u00f1o de todo en la pagina:<br \/>\n\u2022 Ctrl + + para aumentarlo<br \/>\n\u2022 Ctrl + \u2013 para disminuirlo<br \/>\n\u2022 Ctrl + 0 restaura el tama\u00f1o original del texto<br \/>\n\u2022 Si lo que quiere es anular la hoja de estilos o modificar el color del texto, puede consultar la pagina How to Change Text Size or Colors de la WAI, que se puede leer traducida al espa\u00f1ol en \u00bfC\u00f3mo cambiar el tama\u00f1o del texto o colores?<\/p>\n<\/div>\n<\/div>\n<\/div>\n<\/div>\n<\/div>","protected":false},"excerpt":{"rendered":"<p>1. RESPONSABLE DEL TRATAMIENTO El Responsable del Tratamiento se corresponde con el del titular de este sitio web, cuyos datos completos figuran en el\u00a0Aviso legal 2. DATOS TRATADOS, FINALIDADES Y PLAZOS DE CONSERVACI\u00d3N 2.1\u00a0Datos tratados: A los efectos de la solicitud de informaci\u00f3n, contacto, cita o la suscripci\u00f3n de nuestros boletines y newsletter, se deber\u00e1n [&hellip;]<\/p>\n","protected":false},"author":1,"featured_media":0,"parent":0,"menu_order":0,"comment_status":"closed","ping_status":"closed","template":"","meta":{"_et_pb_use_builder":"","_et_pb_old_content":"","_et_gb_content_width":"","footnotes":""},"class_list":["post-3","page","type-page","status-publish","hentry"],"yoast_head":"<!-- This site is optimized with the Yoast SEO plugin v27.0 - https:\/\/yoast.com\/product\/yoast-seo-wordpress\/ -->\n<title>Pol\u00edtica de privacidad - Xestadem<\/title>\n<meta name=\"robots\" content=\"index, follow, max-snippet:-1, max-image-preview:large, max-video-preview:-1\" \/>\n<link rel=\"canonical\" href=\"https:\/\/xestadem.com\/en\/politica-privacidad\/\" \/>\n<meta property=\"og:locale\" content=\"en_US\" \/>\n<meta property=\"og:type\" content=\"article\" \/>\n<meta property=\"og:title\" content=\"Pol\u00edtica de privacidad - Xestadem\" \/>\n<meta property=\"og:description\" content=\"1. RESPONSABLE DEL TRATAMIENTO El Responsable del Tratamiento se corresponde con el del titular de este sitio web, cuyos datos completos figuran en el\u00a0Aviso legal 2. DATOS TRATADOS, FINALIDADES Y PLAZOS DE CONSERVACI\u00d3N 2.1\u00a0Datos tratados: A los efectos de la solicitud de informaci\u00f3n, contacto, cita o la suscripci\u00f3n de nuestros boletines y newsletter, se deber\u00e1n [&hellip;]\" \/>\n<meta property=\"og:url\" content=\"https:\/\/xestadem.com\/en\/politica-privacidad\/\" \/>\n<meta property=\"og:site_name\" content=\"Xestadem\" \/>\n<meta property=\"article:modified_time\" content=\"2023-12-20T07:10:09+00:00\" \/>\n<meta name=\"twitter:card\" content=\"summary_large_image\" \/>\n<meta name=\"twitter:label1\" content=\"Est. reading time\" \/>\n\t<meta name=\"twitter:data1\" content=\"6 minutes\" \/>\n<script type=\"application\/ld+json\" class=\"yoast-schema-graph\">{\"@context\":\"https:\/\/schema.org\",\"@graph\":[{\"@type\":\"WebPage\",\"@id\":\"https:\/\/xestadem.com\/politica-privacidad\/\",\"url\":\"https:\/\/xestadem.com\/politica-privacidad\/\",\"name\":\"Pol\u00edtica de privacidad - Xestadem\",\"isPartOf\":{\"@id\":\"https:\/\/xestadem.com\/#website\"},\"datePublished\":\"2023-01-16T08:20:18+00:00\",\"dateModified\":\"2023-12-20T07:10:09+00:00\",\"breadcrumb\":{\"@id\":\"https:\/\/xestadem.com\/politica-privacidad\/#breadcrumb\"},\"inLanguage\":\"en-US\",\"potentialAction\":[{\"@type\":\"ReadAction\",\"target\":[\"https:\/\/xestadem.com\/politica-privacidad\/\"]}]},{\"@type\":\"BreadcrumbList\",\"@id\":\"https:\/\/xestadem.com\/politica-privacidad\/#breadcrumb\",\"itemListElement\":[{\"@type\":\"ListItem\",\"position\":1,\"name\":\"Portada\",\"item\":\"https:\/\/xestadem.com\/\"},{\"@type\":\"ListItem\",\"position\":2,\"name\":\"Pol\u00edtica de privacidad\"}]},{\"@type\":\"WebSite\",\"@id\":\"https:\/\/xestadem.com\/#website\",\"url\":\"https:\/\/xestadem.com\/\",\"name\":\"Xestadem\",\"description\":\"Xesti\u00f3n e Administraci\u00f3n de Empresas\",\"publisher\":{\"@id\":\"https:\/\/xestadem.com\/#organization\"},\"potentialAction\":[{\"@type\":\"SearchAction\",\"target\":{\"@type\":\"EntryPoint\",\"urlTemplate\":\"https:\/\/xestadem.com\/?s={search_term_string}\"},\"query-input\":{\"@type\":\"PropertyValueSpecification\",\"valueRequired\":true,\"valueName\":\"search_term_string\"}}],\"inLanguage\":\"en-US\"},{\"@type\":\"Organization\",\"@id\":\"https:\/\/xestadem.com\/#organization\",\"name\":\"Xestadem\",\"url\":\"https:\/\/xestadem.com\/\",\"logo\":{\"@type\":\"ImageObject\",\"inLanguage\":\"en-US\",\"@id\":\"https:\/\/xestadem.com\/#\/schema\/logo\/image\/\",\"url\":\"https:\/\/xestadem.com\/wp-content\/uploads\/2023\/10\/logo-xestadem.png\",\"contentUrl\":\"https:\/\/xestadem.com\/wp-content\/uploads\/2023\/10\/logo-xestadem.png\",\"width\":280,\"height\":107,\"caption\":\"Xestadem\"},\"image\":{\"@id\":\"https:\/\/xestadem.com\/#\/schema\/logo\/image\/\"}}]}<\/script>\n<!-- \/ Yoast SEO plugin. -->","yoast_head_json":{"title":"Pol\u00edtica de privacidad - Xestadem","robots":{"index":"index","follow":"follow","max-snippet":"max-snippet:-1","max-image-preview":"max-image-preview:large","max-video-preview":"max-video-preview:-1"},"canonical":"https:\/\/xestadem.com\/en\/politica-privacidad\/","og_locale":"en_US","og_type":"article","og_title":"Pol\u00edtica de privacidad - Xestadem","og_description":"1. RESPONSABLE DEL TRATAMIENTO El Responsable del Tratamiento se corresponde con el del titular de este sitio web, cuyos datos completos figuran en el\u00a0Aviso legal 2. DATOS TRATADOS, FINALIDADES Y PLAZOS DE CONSERVACI\u00d3N 2.1\u00a0Datos tratados: A los efectos de la solicitud de informaci\u00f3n, contacto, cita o la suscripci\u00f3n de nuestros boletines y newsletter, se deber\u00e1n [&hellip;]","og_url":"https:\/\/xestadem.com\/en\/politica-privacidad\/","og_site_name":"Xestadem","article_modified_time":"2023-12-20T07:10:09+00:00","twitter_card":"summary_large_image","twitter_misc":{"Est. reading time":"6 minutes"},"schema":{"@context":"https:\/\/schema.org","@graph":[{"@type":"WebPage","@id":"https:\/\/xestadem.com\/politica-privacidad\/","url":"https:\/\/xestadem.com\/politica-privacidad\/","name":"Pol\u00edtica de privacidad - Xestadem","isPartOf":{"@id":"https:\/\/xestadem.com\/#website"},"datePublished":"2023-01-16T08:20:18+00:00","dateModified":"2023-12-20T07:10:09+00:00","breadcrumb":{"@id":"https:\/\/xestadem.com\/politica-privacidad\/#breadcrumb"},"inLanguage":"en-US","potentialAction":[{"@type":"ReadAction","target":["https:\/\/xestadem.com\/politica-privacidad\/"]}]},{"@type":"BreadcrumbList","@id":"https:\/\/xestadem.com\/politica-privacidad\/#breadcrumb","itemListElement":[{"@type":"ListItem","position":1,"name":"Portada","item":"https:\/\/xestadem.com\/"},{"@type":"ListItem","position":2,"name":"Pol\u00edtica de privacidad"}]},{"@type":"WebSite","@id":"https:\/\/xestadem.com\/#website","url":"https:\/\/xestadem.com\/","name":"Xestadem","description":"Xesti\u00f3n e Administraci\u00f3n de Empresas","publisher":{"@id":"https:\/\/xestadem.com\/#organization"},"potentialAction":[{"@type":"SearchAction","target":{"@type":"EntryPoint","urlTemplate":"https:\/\/xestadem.com\/?s={search_term_string}"},"query-input":{"@type":"PropertyValueSpecification","valueRequired":true,"valueName":"search_term_string"}}],"inLanguage":"en-US"},{"@type":"Organization","@id":"https:\/\/xestadem.com\/#organization","name":"Xestadem","url":"https:\/\/xestadem.com\/","logo":{"@type":"ImageObject","inLanguage":"en-US","@id":"https:\/\/xestadem.com\/#\/schema\/logo\/image\/","url":"https:\/\/xestadem.com\/wp-content\/uploads\/2023\/10\/logo-xestadem.png","contentUrl":"https:\/\/xestadem.com\/wp-content\/uploads\/2023\/10\/logo-xestadem.png","width":280,"height":107,"caption":"Xestadem"},"image":{"@id":"https:\/\/xestadem.com\/#\/schema\/logo\/image\/"}}]}},"_links":{"self":[{"href":"https:\/\/xestadem.com\/en\/wp-json\/wp\/v2\/pages\/3","targetHints":{"allow":["GET"]}}],"collection":[{"href":"https:\/\/xestadem.com\/en\/wp-json\/wp\/v2\/pages"}],"about":[{"href":"https:\/\/xestadem.com\/en\/wp-json\/wp\/v2\/types\/page"}],"author":[{"embeddable":true,"href":"https:\/\/xestadem.com\/en\/wp-json\/wp\/v2\/users\/1"}],"replies":[{"embeddable":true,"href":"https:\/\/xestadem.com\/en\/wp-json\/wp\/v2\/comments?post=3"}],"version-history":[{"count":6,"href":"https:\/\/xestadem.com\/en\/wp-json\/wp\/v2\/pages\/3\/revisions"}],"predecessor-version":[{"id":304,"href":"https:\/\/xestadem.com\/en\/wp-json\/wp\/v2\/pages\/3\/revisions\/304"}],"wp:attachment":[{"href":"https:\/\/xestadem.com\/en\/wp-json\/wp\/v2\/media?parent=3"}],"curies":[{"name":"wp","href":"https:\/\/api.w.org\/{rel}","templated":true}]}}