{"id":48,"date":"2023-10-27T12:30:15","date_gmt":"2023-10-27T10:30:15","guid":{"rendered":"https:\/\/xestadem.com\/?page_id=48"},"modified":"2024-03-19T11:10:29","modified_gmt":"2024-03-19T10:10:29","slug":"contacto","status":"publish","type":"page","link":"https:\/\/xestadem.com\/en\/contacto\/","title":{"rendered":"Contacto"},"content":{"rendered":"<p>[et_pb_section fb_built=\u00bb1&#8243; admin_label=\u00bbCabecera\u00bb module_class=\u00bbds-vertical-align\u00bb _builder_version=\u00bb4.23&#8243; _module_preset=\u00bbdefault\u00bb background_enable_color=\u00bboff\u00bb use_background_color_gradient=\u00bbon\u00bb background_color_gradient_stops=\u00bbrgba(255,255,255,0) 26%|rgba(24,29,35,0.64) 100%\u00bb background_color_gradient_overlays_image=\u00bbon\u00bb background_image=\u00bbhttps:\/\/xestadem.com\/wp-content\/uploads\/2024\/03\/Xestadem-cabecero-seccion.jpg\u00bb background_position=\u00bbbottom_left\u00bb background_horizontal_offset=\u00bb23%\u00bb background_vertical_offset=\u00bb30%\u00bb positioning=\u00bbnone\u00bb height=\u00bb320px\u00bb custom_margin=\u00bb||||false|false\u00bb global_module=\u00bb170&#8243; saved_tabs=\u00bball\u00bb locked=\u00bboff\u00bb global_colors_info=\u00bb{}\u00bb][et_pb_row _builder_version=\u00bb4.23&#8243; _module_preset=\u00bbdefault\u00bb width=\u00bb70%\u00bb width_tablet=\u00bb70%\u00bb width_phone=\u00bb90%\u00bb width_last_edited=\u00bbon|phone\u00bb global_colors_info=\u00bb{}\u00bb][et_pb_column type=\u00bb4_4&#8243; _builder_version=\u00bb4.23&#8243; _module_preset=\u00bbdefault\u00bb global_colors_info=\u00bb{}\u00bb][et_pb_heading title=\u00bb@ET-DC@eyJkeW5hbWljIjp0cnVlLCJjb250ZW50IjoicG9zdF90aXRsZSIsInNldHRpbmdzIjp7ImJlZm9yZSI6IiIsImFmdGVyIjoiIn19@\u00bb _builder_version=\u00bb4.23&#8243; _dynamic_attributes=\u00bbtitle\u00bb _module_preset=\u00bbdefault\u00bb title_font=\u00bb|800||on|||||\u00bb title_text_color=\u00bb#FFFFFF\u00bb custom_margin=\u00bb10%||||false|false\u00bb title_text_shadow_style=\u00bbpreset2&#8243; locked=\u00bboff\u00bb global_colors_info=\u00bb{}\u00bb][\/et_pb_heading][\/et_pb_column][\/et_pb_row][\/et_pb_section][et_pb_section fb_built=\u00bb1&#8243; _builder_version=\u00bb4.23&#8243; _module_preset=\u00bbdefault\u00bb global_colors_info=\u00bb{}\u00bb][et_pb_row column_structure=\u00bb1_2,1_2&#8243; use_custom_gutter=\u00bbon\u00bb gutter_width=\u00bb1&#8243; make_equal=\u00bbon\u00bb _builder_version=\u00bb4.23&#8243; _module_preset=\u00bbdefault\u00bb width_tablet=\u00bb70%\u00bb width_phone=\u00bb80%\u00bb width_last_edited=\u00bbon|phone\u00bb locked=\u00bboff\u00bb global_colors_info=\u00bb{}\u00bb][et_pb_column type=\u00bb1_2&#8243; _builder_version=\u00bb4.23&#8243; _module_preset=\u00bbdefault\u00bb global_colors_info=\u00bb{}\u00bb][et_pb_text _builder_version=\u00bb4.23&#8243; _module_preset=\u00bbdefault\u00bb custom_margin=\u00bb||0px||false|false\u00bb custom_padding=\u00bb||||false|false\u00bb global_colors_info=\u00bb{}\u00bb]<\/p>\n<h1>Contacto Xestadem:<br \/>\nComun\u00edcate con nuestro equipo de expertos<\/h1>\n<h3>VIS\u00cdTANOS<\/h3>\n<p>[\/et_pb_text][et_pb_divider color=\u00bb#C0CDD5&#8243; divider_weight=\u00bb160px\u00bb show_divider_tablet=\u00bboff\u00bb show_divider_phone=\u00bboff\u00bb show_divider_last_edited=\u00bbon|phone\u00bb _builder_version=\u00bb4.23&#8243; _module_preset=\u00bbdefault\u00bb width=\u00bb2px\u00bb module_alignment=\u00bbleft\u00bb custom_margin=\u00bb||||false|false\u00bb custom_padding=\u00bb|||20px|false|false\u00bb global_colors_info=\u00bb{}\u00bb][\/et_pb_divider][\/et_pb_column][et_pb_column type=\u00bb1_2&#8243; _builder_version=\u00bb4.23&#8243; _module_preset=\u00bbdefault\u00bb custom_css_main_element=\u00bbmargin: auto;\u00bb global_colors_info=\u00bb{}\u00bb][et_pb_text _builder_version=\u00bb4.23&#8243; _module_preset=\u00bbdefault\u00bb hover_enabled=\u00bb0&#8243; global_colors_info=\u00bb{}\u00bb sticky_enabled=\u00bb0&#8243;]<\/p>\n<p>Desde nuestros inicios, si hay algo que nos ha diferenciado, es el compromiso y la proximidad con nuestros clientes. Sus problemas y objetivos son los nuestros.<\/p>\n<p>Por eso, hemos habilitado diferentes canales para estar m\u00e1s cerca de ti:<\/p>\n<p><img decoding=\"async\" src=\"\/wp-content\/uploads\/2024\/03\/en-todo-el-mundo.png\" \/> \u00a0<br \/><strong>Nuestra oficina, el eje central de Xestadem:<\/strong><br \/><a href=\"https:\/\/maps.app.goo.gl\/SAhXV8zTGjMmtVgo6\">R\u00faa Real, 1 &#8211; 2\u00ba, A , CP: 15003, Coru\u00f1a<\/a><\/p>\n<p><img decoding=\"async\" src=\"\/wp-content\/uploads\/2024\/03\/llamada-telefonica-1.png\" \/> <br \/><strong> Ll\u00e1manos para que podamos ayudarte:<\/strong><br \/><a href=\"tel:+981227729\">981 22 77 29<\/a> &#8211; <a href=\"tel:+34981213408\">981 21 34 08<\/a><\/p>\n<p><img decoding=\"async\" src=\"\/wp-content\/uploads\/2024\/03\/arroba-1.png\" \/><strong> <br \/>Responderemos a todas tus dudas en el correo:\u00a0<\/strong> <a class=\"link\" href=\"mailto:xestadem@xestadem.com?trk=public_post-text\" target=\"_self\" rel=\"nofollow noopener\" data-tracking-control-name=\"public_post-text\" data-tracking-will-navigate=\"\">xestadem@xestadem.com<\/a><\/p>\n<p><a class=\"link\" href=\"https:\/\/es.linkedin.com\/company\/xestadem\" target=\"_blank\" rel=\"nofollow noopener\" data-tracking-control-name=\"public_post-text\" data-tracking-will-navigate=\"\"><img decoding=\"async\" src=\"\/wp-content\/uploads\/2024\/03\/linkedin-3.png\" \/><br \/><strong> O visita nuestro Linkedin\u00a0<\/strong><\/a><\/p>\n<p>[\/et_pb_text][\/et_pb_column][\/et_pb_row][et_pb_row column_structure=\u00bb1_2,1_2&#8243; _builder_version=\u00bb4.23&#8243; _module_preset=\u00bbdefault\u00bb global_colors_info=\u00bb{}\u00bb][et_pb_column type=\u00bb1_2&#8243; _builder_version=\u00bb4.23&#8243; _module_preset=\u00bbdefault\u00bb global_colors_info=\u00bb{}\u00bb][et_pb_text _builder_version=\u00bb4.23&#8243; _module_preset=\u00bbdefault\u00bb global_colors_info=\u00bb{}\u00bb]<\/p>\n<h3>O tambi\u00e9n puedes<br \/>\nescribirnos por aqu\u00ed:<\/h3>\n<p>[\/et_pb_text][\/et_pb_column][et_pb_column type=\u00bb1_2&#8243; _builder_version=\u00bb4.23&#8243; _module_preset=\u00bbdefault\u00bb global_colors_info=\u00bb{}\u00bb][et_pb_text _builder_version=\u00bb4.23&#8243; _module_preset=\u00bbdefault\u00bb global_colors_info=\u00bb{}\u00bb]\n<div class=\"wpcf7 no-js\" id=\"wpcf7-f5-o1\" lang=\"es-ES\" dir=\"ltr\" data-wpcf7-id=\"5\">\n<div class=\"screen-reader-response\"><p role=\"status\" aria-live=\"polite\" aria-atomic=\"true\"><\/p> <ul><\/ul><\/div>\n<form action=\"\/en\/wp-json\/wp\/v2\/pages\/48#wpcf7-f5-o1\" method=\"post\" class=\"wpcf7-form init\" aria-label=\"Formulario de contacto\" novalidate=\"novalidate\" data-status=\"init\">\n<fieldset class=\"hidden-fields-container\"><input type=\"hidden\" name=\"_wpcf7\" value=\"5\" \/><input type=\"hidden\" name=\"_wpcf7_version\" value=\"6.1.5\" \/><input type=\"hidden\" name=\"_wpcf7_locale\" value=\"es_ES\" \/><input type=\"hidden\" name=\"_wpcf7_unit_tag\" value=\"wpcf7-f5-o1\" \/><input type=\"hidden\" name=\"_wpcf7_container_post\" value=\"0\" \/><input type=\"hidden\" name=\"_wpcf7_posted_data_hash\" value=\"\" \/>\n<\/fieldset>\n<p><label><span class=\"wpcf7-form-control-wrap\" data-name=\"your-name\"><input size=\"40\" maxlength=\"400\" class=\"wpcf7-form-control wpcf7-text wpcf7-validates-as-required\" autocomplete=\"name\" aria-required=\"true\" aria-invalid=\"false\" value=\"Nombre y apellidos\" type=\"text\" name=\"your-name\" \/><\/span><\/label><br \/>\n<label><span class=\"wpcf7-form-control-wrap\" data-name=\"tel-246\"><input size=\"40\" maxlength=\"400\" class=\"wpcf7-form-control wpcf7-tel wpcf7-text wpcf7-validates-as-tel\" aria-invalid=\"false\" value=\"Tel\u00e9fono\" type=\"tel\" name=\"tel-246\" \/><\/span><\/label><br \/>\n<label><span class=\"wpcf7-form-control-wrap\" data-name=\"your-email\"><input size=\"40\" maxlength=\"400\" class=\"wpcf7-form-control wpcf7-email wpcf7-validates-as-required wpcf7-text wpcf7-validates-as-email\" aria-required=\"true\" aria-invalid=\"false\" value=\"E-mail\" type=\"email\" name=\"your-email\" \/><\/span><\/label><br \/>\n<label><span class=\"wpcf7-form-control-wrap\" data-name=\"your-message\"><textarea cols=\"40\" rows=\"10\" maxlength=\"2000\" class=\"wpcf7-form-control wpcf7-textarea\" aria-invalid=\"false\" name=\"your-message\">Tu mensaje<\/textarea><\/span><\/label>\n<\/p>\n<div class=\"acceptance\">\n\t<p><span class=\"wpcf7-form-control-wrap\" data-name=\"acceptance-381\"><span class=\"wpcf7-form-control wpcf7-acceptance\"><span class=\"wpcf7-list-item\"><input type=\"checkbox\" name=\"acceptance-381\" value=\"1\" aria-invalid=\"false\" \/><\/span><\/span><\/span> He le\u00eddo y acepto la <a rel=\"privacy-policy\" href=\"politica-privacidad\"> <span style=\"text-decoration:underline\">Pol\u00edtica de privacidad<span><\/span><\/span><\/a>\n\t<\/p>\n<\/div>\n<p><input class=\"wpcf7-form-control wpcf7-submit has-spinner\" type=\"submit\" value=\"ENVIAR\" \/>\n<\/p><div class=\"wpcf7-response-output\" aria-hidden=\"true\"><\/div>\n<\/form>\n<\/div>\n<br \/>\n[\/et_pb_text][\/et_pb_column][\/et_pb_row][et_pb_row _builder_version=\u00bb4.23&#8243; _module_preset=\u00bbdefault\u00bb width=\u00bb100%\u00bb max_width=\u00bb1920px\u00bb custom_margin=\u00bb50px||||false|false\u00bb global_colors_info=\u00bb{}\u00bb][et_pb_column type=\u00bb4_4&#8243; _builder_version=\u00bb4.23&#8243; _module_preset=\u00bbdefault\u00bb global_colors_info=\u00bb{}\u00bb][et_pb_text _builder_version=\u00bb4.23&#8243; _module_preset=\u00bbdefault\u00bb global_colors_info=\u00bb{}\u00bb]<iframe loading=\"lazy\" style=\"border: 0;\" src=\"https:\/\/www.google.com\/maps\/embed?pb=!1m18!1m12!1m3!1d725.0798675434634!2d-8.3990435!3d43.3703437!2m3!1f0!2f0!3f0!3m2!1i1024!2i768!4f13.1!3m3!1m2!1s0xd2e7c7efc5db72b%3A0xeadd810911d9fc74!2sXestadem!5e0!3m2!1ses!2ses!4v1698601807174!5m2!1ses!2ses\" width=\"100%\" height=\"600\" allowfullscreen=\"allowfullscreen\"><\/iframe>[\/et_pb_text][\/et_pb_column][\/et_pb_row][\/et_pb_section]<\/p>\n","protected":false},"excerpt":{"rendered":"<p>Contacto Xestadem: Comun\u00edcate con nuestro equipo de expertos VIS\u00cdTANOSDesde nuestros inicios, si hay algo que nos ha diferenciado, es el compromiso y la proximidad con nuestros clientes. Sus problemas y objetivos son los nuestros. Por eso, hemos habilitado diferentes canales para estar m\u00e1s cerca de ti: \u00a0Nuestra oficina, el eje central de Xestadem:R\u00faa Real, 1 [&hellip;]<\/p>\n","protected":false},"author":3,"featured_media":0,"parent":0,"menu_order":0,"comment_status":"closed","ping_status":"closed","template":"","meta":{"_et_pb_use_builder":"on","_et_pb_old_content":"","_et_gb_content_width":"","footnotes":""},"class_list":["post-48","page","type-page","status-publish","hentry"],"yoast_head":"<!-- This site is optimized with the Yoast SEO plugin v27.0 - https:\/\/yoast.com\/product\/yoast-seo-wordpress\/ -->\n<title>Xestadem | Asesor\u00eda para Empresas en A Coru\u00f1a<\/title>\n<meta name=\"description\" content=\"Cont\u00e1ctanos en Xestadem, tu asesor\u00eda para empresas en A Coru\u00f1a. Estamos aqu\u00ed para brindarte soluciones legales y fiscales. \u00a1Hablemos hoy!\" \/>\n<meta name=\"robots\" content=\"index, follow, max-snippet:-1, max-image-preview:large, max-video-preview:-1\" \/>\n<link rel=\"canonical\" href=\"https:\/\/xestadem.com\/en\/contacto\/\" \/>\n<meta property=\"og:locale\" content=\"en_US\" \/>\n<meta property=\"og:type\" content=\"article\" \/>\n<meta property=\"og:title\" content=\"Xestadem | Asesor\u00eda para Empresas en A Coru\u00f1a\" \/>\n<meta property=\"og:description\" content=\"Cont\u00e1ctanos en Xestadem, tu asesor\u00eda para empresas en A Coru\u00f1a. Estamos aqu\u00ed para brindarte soluciones legales y fiscales. \u00a1Hablemos hoy!\" \/>\n<meta property=\"og:url\" content=\"https:\/\/xestadem.com\/en\/contacto\/\" \/>\n<meta property=\"og:site_name\" content=\"Xestadem\" \/>\n<meta property=\"article:modified_time\" content=\"2024-03-19T10:10:29+00:00\" \/>\n<meta name=\"twitter:card\" content=\"summary_large_image\" \/>\n<meta name=\"twitter:label1\" content=\"Est. reading time\" \/>\n\t<meta name=\"twitter:data1\" content=\"2 minutes\" \/>\n<script type=\"application\/ld+json\" class=\"yoast-schema-graph\">{\"@context\":\"https:\/\/schema.org\",\"@graph\":[{\"@type\":\"WebPage\",\"@id\":\"https:\/\/xestadem.com\/contacto\/\",\"url\":\"https:\/\/xestadem.com\/contacto\/\",\"name\":\"Xestadem | Asesor\u00eda para Empresas en A Coru\u00f1a\",\"isPartOf\":{\"@id\":\"https:\/\/xestadem.com\/#website\"},\"datePublished\":\"2023-10-27T10:30:15+00:00\",\"dateModified\":\"2024-03-19T10:10:29+00:00\",\"description\":\"Cont\u00e1ctanos en Xestadem, tu asesor\u00eda para empresas en A Coru\u00f1a. Estamos aqu\u00ed para brindarte soluciones legales y fiscales. \u00a1Hablemos hoy!\",\"breadcrumb\":{\"@id\":\"https:\/\/xestadem.com\/contacto\/#breadcrumb\"},\"inLanguage\":\"en-US\",\"potentialAction\":[{\"@type\":\"ReadAction\",\"target\":[\"https:\/\/xestadem.com\/contacto\/\"]}]},{\"@type\":\"BreadcrumbList\",\"@id\":\"https:\/\/xestadem.com\/contacto\/#breadcrumb\",\"itemListElement\":[{\"@type\":\"ListItem\",\"position\":1,\"name\":\"Portada\",\"item\":\"https:\/\/xestadem.com\/\"},{\"@type\":\"ListItem\",\"position\":2,\"name\":\"Contacto\"}]},{\"@type\":\"WebSite\",\"@id\":\"https:\/\/xestadem.com\/#website\",\"url\":\"https:\/\/xestadem.com\/\",\"name\":\"Xestadem\",\"description\":\"Xesti\u00f3n e Administraci\u00f3n de Empresas\",\"publisher\":{\"@id\":\"https:\/\/xestadem.com\/#organization\"},\"potentialAction\":[{\"@type\":\"SearchAction\",\"target\":{\"@type\":\"EntryPoint\",\"urlTemplate\":\"https:\/\/xestadem.com\/?s={search_term_string}\"},\"query-input\":{\"@type\":\"PropertyValueSpecification\",\"valueRequired\":true,\"valueName\":\"search_term_string\"}}],\"inLanguage\":\"en-US\"},{\"@type\":\"Organization\",\"@id\":\"https:\/\/xestadem.com\/#organization\",\"name\":\"Xestadem\",\"url\":\"https:\/\/xestadem.com\/\",\"logo\":{\"@type\":\"ImageObject\",\"inLanguage\":\"en-US\",\"@id\":\"https:\/\/xestadem.com\/#\/schema\/logo\/image\/\",\"url\":\"https:\/\/xestadem.com\/wp-content\/uploads\/2023\/10\/logo-xestadem.png\",\"contentUrl\":\"https:\/\/xestadem.com\/wp-content\/uploads\/2023\/10\/logo-xestadem.png\",\"width\":280,\"height\":107,\"caption\":\"Xestadem\"},\"image\":{\"@id\":\"https:\/\/xestadem.com\/#\/schema\/logo\/image\/\"}}]}<\/script>\n<!-- \/ Yoast SEO plugin. -->","yoast_head_json":{"title":"Xestadem | Asesor\u00eda para Empresas en A Coru\u00f1a","description":"Cont\u00e1ctanos en Xestadem, tu asesor\u00eda para empresas en A Coru\u00f1a. Estamos aqu\u00ed para brindarte soluciones legales y fiscales. \u00a1Hablemos hoy!","robots":{"index":"index","follow":"follow","max-snippet":"max-snippet:-1","max-image-preview":"max-image-preview:large","max-video-preview":"max-video-preview:-1"},"canonical":"https:\/\/xestadem.com\/en\/contacto\/","og_locale":"en_US","og_type":"article","og_title":"Xestadem | Asesor\u00eda para Empresas en A Coru\u00f1a","og_description":"Cont\u00e1ctanos en Xestadem, tu asesor\u00eda para empresas en A Coru\u00f1a. Estamos aqu\u00ed para brindarte soluciones legales y fiscales. \u00a1Hablemos hoy!","og_url":"https:\/\/xestadem.com\/en\/contacto\/","og_site_name":"Xestadem","article_modified_time":"2024-03-19T10:10:29+00:00","twitter_card":"summary_large_image","twitter_misc":{"Est. reading time":"2 minutes"},"schema":{"@context":"https:\/\/schema.org","@graph":[{"@type":"WebPage","@id":"https:\/\/xestadem.com\/contacto\/","url":"https:\/\/xestadem.com\/contacto\/","name":"Xestadem | Asesor\u00eda para Empresas en A Coru\u00f1a","isPartOf":{"@id":"https:\/\/xestadem.com\/#website"},"datePublished":"2023-10-27T10:30:15+00:00","dateModified":"2024-03-19T10:10:29+00:00","description":"Cont\u00e1ctanos en Xestadem, tu asesor\u00eda para empresas en A Coru\u00f1a. Estamos aqu\u00ed para brindarte soluciones legales y fiscales. \u00a1Hablemos hoy!","breadcrumb":{"@id":"https:\/\/xestadem.com\/contacto\/#breadcrumb"},"inLanguage":"en-US","potentialAction":[{"@type":"ReadAction","target":["https:\/\/xestadem.com\/contacto\/"]}]},{"@type":"BreadcrumbList","@id":"https:\/\/xestadem.com\/contacto\/#breadcrumb","itemListElement":[{"@type":"ListItem","position":1,"name":"Portada","item":"https:\/\/xestadem.com\/"},{"@type":"ListItem","position":2,"name":"Contacto"}]},{"@type":"WebSite","@id":"https:\/\/xestadem.com\/#website","url":"https:\/\/xestadem.com\/","name":"Xestadem","description":"Xesti\u00f3n e Administraci\u00f3n de Empresas","publisher":{"@id":"https:\/\/xestadem.com\/#organization"},"potentialAction":[{"@type":"SearchAction","target":{"@type":"EntryPoint","urlTemplate":"https:\/\/xestadem.com\/?s={search_term_string}"},"query-input":{"@type":"PropertyValueSpecification","valueRequired":true,"valueName":"search_term_string"}}],"inLanguage":"en-US"},{"@type":"Organization","@id":"https:\/\/xestadem.com\/#organization","name":"Xestadem","url":"https:\/\/xestadem.com\/","logo":{"@type":"ImageObject","inLanguage":"en-US","@id":"https:\/\/xestadem.com\/#\/schema\/logo\/image\/","url":"https:\/\/xestadem.com\/wp-content\/uploads\/2023\/10\/logo-xestadem.png","contentUrl":"https:\/\/xestadem.com\/wp-content\/uploads\/2023\/10\/logo-xestadem.png","width":280,"height":107,"caption":"Xestadem"},"image":{"@id":"https:\/\/xestadem.com\/#\/schema\/logo\/image\/"}}]}},"_links":{"self":[{"href":"https:\/\/xestadem.com\/en\/wp-json\/wp\/v2\/pages\/48","targetHints":{"allow":["GET"]}}],"collection":[{"href":"https:\/\/xestadem.com\/en\/wp-json\/wp\/v2\/pages"}],"about":[{"href":"https:\/\/xestadem.com\/en\/wp-json\/wp\/v2\/types\/page"}],"author":[{"embeddable":true,"href":"https:\/\/xestadem.com\/en\/wp-json\/wp\/v2\/users\/3"}],"replies":[{"embeddable":true,"href":"https:\/\/xestadem.com\/en\/wp-json\/wp\/v2\/comments?post=48"}],"version-history":[{"count":29,"href":"https:\/\/xestadem.com\/en\/wp-json\/wp\/v2\/pages\/48\/revisions"}],"predecessor-version":[{"id":802,"href":"https:\/\/xestadem.com\/en\/wp-json\/wp\/v2\/pages\/48\/revisions\/802"}],"wp:attachment":[{"href":"https:\/\/xestadem.com\/en\/wp-json\/wp\/v2\/media?parent=48"}],"curies":[{"name":"wp","href":"https:\/\/api.w.org\/{rel}","templated":true}]}}