{"id":50,"date":"2023-10-27T12:30:39","date_gmt":"2023-10-27T10:30:39","guid":{"rendered":"https:\/\/xestadem.com\/?page_id=50"},"modified":"2023-12-20T08:20:48","modified_gmt":"2023-12-20T07:20:48","slug":"aviso-legal","status":"publish","type":"page","link":"https:\/\/xestadem.com\/en\/aviso-legal\/","title":{"rendered":"Aviso legal"},"content":{"rendered":"<p><strong>1. IDENTIFICACI\u00d3N DEL PRESTADOR<\/strong><\/p>\n<p>Titular fiscal: XESTADEM SL<br \/>\nCIF\/NIF: B15500549<br \/>\nDirecci\u00f3n: Calle Real, 1 2\u00ba, 15003 A CORU\u00d1A<br \/>\nCorreo electr\u00f3nico: xestadem@xestadem.com<br \/>\nTel\u00e9fono: 981 22 77 29 \u2013 981 21 34 08<\/p>\n<p><strong>2. OBJETO<\/strong><\/p>\n<p>Las presentes condiciones regular\u00e1n el uso que el Prestador pone a disposici\u00f3n de los usuarios de la Web, y con ellas se pretende dar cumplimiento a las obligaciones dispuestas en la Ley 34\/2002, de Servicios de la Sociedad de la Informaci\u00f3n y del Comercio Electr\u00f3nico (LSSI-CE), as\u00ed como informar a todos los usuarios del sitio web respecto a cu\u00e1les son las condiciones de uso del sitio web.<\/p>\n<p>A trav\u00e9s del sitio web, el Prestador facilita a los usuarios el acceso a diversos contenidos, servicios, informaci\u00f3n y datos (los \u00abcontenidos\u00bb), puestos a disposici\u00f3n de los usuarios por el Prestador o por terceros proveedores de servicios y contenidos.<\/p>\n<p>Toda persona que acceda a este sitio web asume el papel de usuario, comprometi\u00e9ndose a la observancia y cumplimiento riguroso de las disposiciones aqu\u00ed dispuestas, as\u00ed como a cualquier otra disposici\u00f3n legal que fuera de aplicaci\u00f3n, por lo que, si \u00e9ste no est\u00e1 de acuerdo con cualquiera de las condiciones aqu\u00ed dispuestas, deber\u00e1 abstenerse respecto al uso del presente sitio web.<\/p>\n<p>El Prestador se reserva el derecho a modificar cualquier tipo de informaci\u00f3n que pudiera aparecer en el sitio web, sin que exista obligaci\u00f3n de preavisar o poner en conocimiento de los usuarios dichas modificaciones, entendi\u00e9ndose como suficiente con la publicaci\u00f3n en el sitio web del prestador.<\/p>\n<p>La utilizaci\u00f3n de determinados servicios implicar\u00e1 as\u00ed mismo la aceptaci\u00f3n, sin reserva alguna, de las Condiciones particulares que el Prestador pudiera establecer en cualquier momento con car\u00e1cter espec\u00edfico, sustitutivo o complementario al de las presentes Condiciones Generales de Uso.<\/p>\n<p><strong>3. RESPONSABILIDAD<\/strong><\/p>\n<p>El Prestador se exime de cualquier tipo de responsabilidad derivada de la informaci\u00f3n publicada en su sitio web, siempre que esta informaci\u00f3n haya sido manipulada o introducida por un tercero ajeno al mismo.<\/p>\n<p>Desde el sitio web del Prestador es posible que se redirija a contenidos de terceros sitios web. Dado que el Prestador no puede controlar siempre los contenidos introducidos por los terceros en sus sitios web, \u00e9ste no asume ning\u00fan tipo de responsabilidad respecto a dichos contenidos. En todo caso, el Prestador manifiesta que proceder\u00e1 a la retirada inmediata de cualquier contenido que pudiera contravenir la legislaci\u00f3n nacional o internacional, la moral o el orden p\u00fablico, procediendo a la retirada inmediata de la redirecci\u00f3n a dicho sitio web, poniendo en conocimiento de las autoridades competentes el contenido en cuesti\u00f3n.<\/p>\n<p>El Prestador no se hace responsable de la informaci\u00f3n y contenidos almacenados, a t\u00edtulo enunciativo, pero no limitativo, en foros, chats, generadores de blogs, comentarios, redes sociales o cualquier otro medio que permita a terceros publicar contenidos de forma independiente en la p\u00e1gina web del prestador. No obstante y en cumplimiento de lo dispuesto en el art. 11 y 16 de la LSSI-CE, el Prestador se pone a disposici\u00f3n de todos los usuarios, autoridades y fuerzas de seguridad, y colaborando de forma activa en la retirada o en su caso bloqueo de todos aquellos contenidos que pudieran afectar o contravenir la legislaci\u00f3n nacional, o internacional, derechos de terceros o la moral y el orden p\u00fablico. En caso de que el usuario considere que existe en el sitio web alg\u00fan contenido que pudiera ser susceptible de esta clasificaci\u00f3n, se ruega lo notifique de forma inmediata al administrador del sitio web.<\/p>\n<p>Este sitio web ha sido revisado y probado para que funcione correctamente. En principio, puede garantizarse el correcto funcionamiento los 365 d\u00edas del a\u00f1o, 24 horas al d\u00eda. No obstante, el prestador no descarta la posibilidad de que existan ciertos errores de programaci\u00f3n, o que acontezcan causas de fuerza mayor, cat\u00e1strofes naturales, huelgas, o circunstancias semejantes que hagan imposible el acceso a la p\u00e1gina web.<\/p>\n<p><strong>4. PROPIEDAD INTELECTUAL E INDUSTRIAL<\/strong><\/p>\n<p>El sitio web, incluyendo a t\u00edtulo enunciativo pero no limitativo su programaci\u00f3n, edici\u00f3n, compilaci\u00f3n y dem\u00e1s elementos necesarios para su funcionamiento, los dise\u00f1os, logotipos, texto y\/o gr\u00e1ficos, es propiedad del Prestador o, en su caso, dispone de licencia o autorizaci\u00f3n expresa por parte de los autores. Todos los contenidos del sitio web se encuentran debidamente protegidos por la normativa de propiedad intelectual e industrial, as\u00ed como inscritos en los registros p\u00fablicos correspondientes.<\/p>\n<p>Independientemente de la finalidad para la que fueran destinados, la reproducci\u00f3n total o parcial, uso, explotaci\u00f3n, distribuci\u00f3n y comercializaci\u00f3n, requiere en todo caso de la autorizaci\u00f3n escrita previa por parte del Prestador. Cualquier uso no autorizado previamente por parte del Prestador ser\u00e1 considerado un incumplimiento grave de los derechos de propiedad intelectual o industrial del autor.<\/p>\n<p>Los dise\u00f1os, logotipos, texto y\/o gr\u00e1ficos ajenos al prestador y que pudieran aparecer en el sitio web, pertenecen a sus respectivos propietarios, siendo ellos mismos responsables de cualquier posible controversia que pudiera suscitarse respecto a los mismos. En todo caso, el Prestador cuenta con la autorizaci\u00f3n expresa y previa por parte de los mismos.<\/p>\n<p>El Prestador reconoce a favor de sus titulares los correspondientes derechos de propiedad industrial e intelectual, no implicando su sola menci\u00f3n o aparici\u00f3n en el sitio web la existencia de derechos o responsabilidad alguna del Prestador sobre los mismos, como tampoco respaldo, patrocinio o recomendaci\u00f3n por parte del mismo.<\/p>\n<p>Para realizar cualquier tipo de observaci\u00f3n respecto a posibles incumplimientos de los derechos de propiedad intelectual o industrial, as\u00ed como sobre cualquiera de los contenidos del sitio web, puede hacerlo dirigiendo una comunicaci\u00f3n por escrito a la direcci\u00f3n fiscal o a la direcci\u00f3n de correo electr\u00f3nico que figuran al principio de este documento en el apartado Identificaci\u00f3n del prestador.<\/p>\n<p><strong>5. CONDICIONES DE ACCESO Y USO<\/strong><\/p>\n<p>En general, el acceso a la informaci\u00f3n de los distintos productos y servicios existentes en el sitio web, as\u00ed como a su navegaci\u00f3n ser\u00e1 libre y gratuita, no exigi\u00e9ndose por tanto a los Usuarios el pertinente registro con la consecuente entrega de sus datos personales, ni la utilizaci\u00f3n de claves o contrase\u00f1as. No obstante lo anterior, determinadas secciones del sitio web requerir\u00e1n con car\u00e1cter previo la inclusi\u00f3n de datos en formularios o el pertinente registro.<\/p>\n<p>Para hacer uso de los Servicios los menores de edad, deber\u00e1n obtener previamente permiso y\/o autorizaci\u00f3n de sus padres, tutores o representantes legales, quienes ser\u00e1n considerados responsables de todos los actos realizados por los menores a su cargo. La plena responsabilidad en la determinaci\u00f3n de los concretos contenidos y Servicios a los que acceden los menores de edad corresponde a los mayores a cuyo cargo se encuentran. Como Internet hace posible el acceso a contenidos que pueden no ser apropiados para menores, se informa a los Usuarios de que existen mecanismos, en particular programas inform\u00e1ticos de filtro y bloqueo, que permiten limitar los contenidos disponibles y, aunque no resultan infalibles, son de especial utilidad para controlar y restringir los materiales a los que pueden acceder los menores.<\/p>\n<p>El Usuario se compromete a hacer un uso adecuado y l\u00edcito del sitio web as\u00ed como de los contenidos y servicios.<\/p>\n<p>El Usuario deber\u00e1 abstenerse de:<\/p>\n<p>I. Hacer un uso no autorizado o fraudulento del sitio web y\/o de los contenidos con fines o efectos il\u00edcitos, prohibidos en las presentes Condiciones, lesivos de los derechos e intereses de terceros, o que de cualquier forma puedan da\u00f1ar, inutilizar, sobrecargar, deteriorar o impedir la normal utilizaci\u00f3n de los servicios, los equipos inform\u00e1ticos o los documentos, archivos y toda clase de contenidos almacenados en cualquier equipo inform\u00e1tico.<br \/>\nII. Acceder o intentar acceder a recursos o \u00e1reas restringidas del sitio web, sin cumplir las condiciones exigidas para dicho acceso.<br \/>\nIII. Provocar da\u00f1os en los sistemas f\u00edsicos o l\u00f3gicos del sitio web, de sus proveedores o de terceros.<br \/>\nIV. Introducir o difundir en la red virus inform\u00e1ticos o cualesquiera otros sistemas f\u00edsicos o l\u00f3gicos que sean susceptibles de provocar da\u00f1os en los sistemas f\u00edsicos o l\u00f3gicos del PRESTADOR, de sus proveedores o de terceros.<br \/>\nV. Intentar acceder, utilizar y\/o manipular los datos del PRESTADOR, terceros proveedores y otros Usuarios.<br \/>\nVI. Reproducir o copiar, distribuir, permitir el acceso del p\u00fablico a trav\u00e9s de cualquier modalidad de comunicaci\u00f3n p\u00fablica, transformar o modificar los contenidos, a menos que se cuente con la autorizaci\u00f3n del titular de los correspondientes derechos o ello resulte legalmente permitido.<br \/>\nVII. Suprimir, ocultar o manipular las notas sobre derechos de propiedad intelectual o industrial y dem\u00e1s datos identificativos de los derechos de EL PRESTADOR o de terceros incorporados a los contenidos, as\u00ed como los dispositivos t\u00e9cnicos de protecci\u00f3n o cualesquiera mecanismos de informaci\u00f3n que puedan insertarse en los contenidos.<br \/>\nVIII. Obtener e intentar obtener los contenidos empleando para ello medios o procedimientos distintos de los que, seg\u00fan los casos, se hayan puesto a su disposici\u00f3n a este efecto o se hayan indicado expresamente en las p\u00e1ginas web donde se encuentren los contenidos o, en general, de los que se empleen habitualmente en Internet por no entra\u00f1ar un riesgo de da\u00f1o o inutilizaci\u00f3n del sitio web y\/o de los contenidos.<br \/>\nIX. En particular, y a t\u00edtulo meramente indicativo y no exhaustivo, el Usuario se compromete a no transmitir, difundir o poner a disposici\u00f3n de terceros informaciones, datos, contenidos, mensajes, gr\u00e1ficos, dibujos, archivos de sonido y\/o imagen, fotograf\u00edas, grabaciones, software y, en general, cualquier clase de material que:<br \/>\na) De cualquier forma, sea contrario, menosprecie o atente contra los derechos fundamentales y las libertades p\u00fablicas reconocidas constitucionalmente, en los Tratados internacionales y en el resto de la legislaci\u00f3n.<br \/>\nb) Induzca, incite o promueva actuaciones delictivas, denigratorias, difamatorias, infamantes, violentas o, en general, contrarias a la ley, a la moral y buenas costumbres generalmente aceptadas o al orden p\u00fablico.<br \/>\nc) Induzca, incite o promueva actuaciones, actitudes o pensamientos discriminatorios por raz\u00f3n de sexo, raza, religi\u00f3n, creencias, edad o condici\u00f3n.<br \/>\nd) Incorpore, ponga a disposici\u00f3n o permita acceder a productos, elementos, mensajes y\/o servicios delictivos, violentos, ofensivos, nocivos, degradantes o, en general, contrarios a la ley, a la moral y a las buenas costumbres generalmente aceptadas o al orden p\u00fablico.<br \/>\ne) Induzca o pueda inducir a un estado inaceptable de ansiedad o temor.<br \/>\nf) Induzca o incite a involucrarse en pr\u00e1cticas peligrosas, de riesgo o nocivas para la salud y el equilibrio ps\u00edquico.<\/p>\n<p><strong>6. MODIFICACI\u00d3N Y TERMINACI\u00d3N DE SERVICIOS<\/strong><\/p>\n<p>Si bien, en principio, la duraci\u00f3n de este sitio es indeterminada, el Prestador se reserva el derecho a modificar, suspender o dar por terminada la prestaci\u00f3n de sus servicios, en todo o en parte, en cualquier momento, y sin necesidad de preaviso a los Usuarios del mismo.<\/p>\n<p>Asimismo, el Prestador podr\u00e1 modificar en cualquier momento las Condiciones de uso de este sitio web.<\/p>\n<p><strong>7. LEGISLACI\u00d3N Y JURISDICCI\u00d3N APLICABLE<\/strong><\/p>\n<p>Las presentes Condiciones Generales quedan sujetas al ordenamiento jur\u00eddico espa\u00f1ol, sometiendo cualquier controversia a los juzgados y tribunales correspondientes a la ciudad de A Corru\u00f1a, salvo en los casos en los que el foro corresponda al domicilio del consumidor.<\/p>","protected":false},"excerpt":{"rendered":"<p>1. IDENTIFICACI\u00d3N DEL PRESTADOR Titular fiscal: XESTADEM SL CIF\/NIF: B15500549 Direcci\u00f3n: Calle Real, 1 2\u00ba, 15003 A CORU\u00d1A Correo electr\u00f3nico: xestadem@xestadem.com Tel\u00e9fono: 981 22 77 29 \u2013 981 21 34 08 2. OBJETO Las presentes condiciones regular\u00e1n el uso que el Prestador pone a disposici\u00f3n de los usuarios de la Web, y con ellas se [&hellip;]<\/p>\n","protected":false},"author":3,"featured_media":0,"parent":0,"menu_order":0,"comment_status":"closed","ping_status":"closed","template":"","meta":{"_et_pb_use_builder":"","_et_pb_old_content":"","_et_gb_content_width":"","footnotes":""},"class_list":["post-50","page","type-page","status-publish","hentry"],"yoast_head":"<!-- This site is optimized with the Yoast SEO plugin v27.0 - https:\/\/yoast.com\/product\/yoast-seo-wordpress\/ -->\n<title>Aviso legal - Xestadem<\/title>\n<meta name=\"robots\" content=\"index, follow, max-snippet:-1, max-image-preview:large, max-video-preview:-1\" \/>\n<link rel=\"canonical\" href=\"https:\/\/xestadem.com\/en\/aviso-legal\/\" \/>\n<meta property=\"og:locale\" content=\"en_US\" \/>\n<meta property=\"og:type\" content=\"article\" \/>\n<meta property=\"og:title\" content=\"Aviso legal - Xestadem\" \/>\n<meta property=\"og:description\" content=\"1. IDENTIFICACI\u00d3N DEL PRESTADOR Titular fiscal: XESTADEM SL CIF\/NIF: B15500549 Direcci\u00f3n: Calle Real, 1 2\u00ba, 15003 A CORU\u00d1A Correo electr\u00f3nico: xestadem@xestadem.com Tel\u00e9fono: 981 22 77 29 \u2013 981 21 34 08 2. OBJETO Las presentes condiciones regular\u00e1n el uso que el Prestador pone a disposici\u00f3n de los usuarios de la Web, y con ellas se [&hellip;]\" \/>\n<meta property=\"og:url\" content=\"https:\/\/xestadem.com\/en\/aviso-legal\/\" \/>\n<meta property=\"og:site_name\" content=\"Xestadem\" \/>\n<meta property=\"article:modified_time\" content=\"2023-12-20T07:20:48+00:00\" \/>\n<meta name=\"twitter:card\" content=\"summary_large_image\" \/>\n<meta name=\"twitter:label1\" content=\"Est. reading time\" \/>\n\t<meta name=\"twitter:data1\" content=\"9 minutes\" \/>\n<script type=\"application\/ld+json\" class=\"yoast-schema-graph\">{\"@context\":\"https:\/\/schema.org\",\"@graph\":[{\"@type\":\"WebPage\",\"@id\":\"https:\/\/xestadem.com\/aviso-legal\/\",\"url\":\"https:\/\/xestadem.com\/aviso-legal\/\",\"name\":\"Aviso legal - Xestadem\",\"isPartOf\":{\"@id\":\"https:\/\/xestadem.com\/#website\"},\"datePublished\":\"2023-10-27T10:30:39+00:00\",\"dateModified\":\"2023-12-20T07:20:48+00:00\",\"breadcrumb\":{\"@id\":\"https:\/\/xestadem.com\/aviso-legal\/#breadcrumb\"},\"inLanguage\":\"en-US\",\"potentialAction\":[{\"@type\":\"ReadAction\",\"target\":[\"https:\/\/xestadem.com\/aviso-legal\/\"]}]},{\"@type\":\"BreadcrumbList\",\"@id\":\"https:\/\/xestadem.com\/aviso-legal\/#breadcrumb\",\"itemListElement\":[{\"@type\":\"ListItem\",\"position\":1,\"name\":\"Portada\",\"item\":\"https:\/\/xestadem.com\/\"},{\"@type\":\"ListItem\",\"position\":2,\"name\":\"Aviso legal\"}]},{\"@type\":\"WebSite\",\"@id\":\"https:\/\/xestadem.com\/#website\",\"url\":\"https:\/\/xestadem.com\/\",\"name\":\"Xestadem\",\"description\":\"Xesti\u00f3n e Administraci\u00f3n de Empresas\",\"publisher\":{\"@id\":\"https:\/\/xestadem.com\/#organization\"},\"potentialAction\":[{\"@type\":\"SearchAction\",\"target\":{\"@type\":\"EntryPoint\",\"urlTemplate\":\"https:\/\/xestadem.com\/?s={search_term_string}\"},\"query-input\":{\"@type\":\"PropertyValueSpecification\",\"valueRequired\":true,\"valueName\":\"search_term_string\"}}],\"inLanguage\":\"en-US\"},{\"@type\":\"Organization\",\"@id\":\"https:\/\/xestadem.com\/#organization\",\"name\":\"Xestadem\",\"url\":\"https:\/\/xestadem.com\/\",\"logo\":{\"@type\":\"ImageObject\",\"inLanguage\":\"en-US\",\"@id\":\"https:\/\/xestadem.com\/#\/schema\/logo\/image\/\",\"url\":\"https:\/\/xestadem.com\/wp-content\/uploads\/2023\/10\/logo-xestadem.png\",\"contentUrl\":\"https:\/\/xestadem.com\/wp-content\/uploads\/2023\/10\/logo-xestadem.png\",\"width\":280,\"height\":107,\"caption\":\"Xestadem\"},\"image\":{\"@id\":\"https:\/\/xestadem.com\/#\/schema\/logo\/image\/\"}}]}<\/script>\n<!-- \/ Yoast SEO plugin. -->","yoast_head_json":{"title":"Aviso legal - Xestadem","robots":{"index":"index","follow":"follow","max-snippet":"max-snippet:-1","max-image-preview":"max-image-preview:large","max-video-preview":"max-video-preview:-1"},"canonical":"https:\/\/xestadem.com\/en\/aviso-legal\/","og_locale":"en_US","og_type":"article","og_title":"Aviso legal - Xestadem","og_description":"1. IDENTIFICACI\u00d3N DEL PRESTADOR Titular fiscal: XESTADEM SL CIF\/NIF: B15500549 Direcci\u00f3n: Calle Real, 1 2\u00ba, 15003 A CORU\u00d1A Correo electr\u00f3nico: xestadem@xestadem.com Tel\u00e9fono: 981 22 77 29 \u2013 981 21 34 08 2. OBJETO Las presentes condiciones regular\u00e1n el uso que el Prestador pone a disposici\u00f3n de los usuarios de la Web, y con ellas se [&hellip;]","og_url":"https:\/\/xestadem.com\/en\/aviso-legal\/","og_site_name":"Xestadem","article_modified_time":"2023-12-20T07:20:48+00:00","twitter_card":"summary_large_image","twitter_misc":{"Est. reading time":"9 minutes"},"schema":{"@context":"https:\/\/schema.org","@graph":[{"@type":"WebPage","@id":"https:\/\/xestadem.com\/aviso-legal\/","url":"https:\/\/xestadem.com\/aviso-legal\/","name":"Aviso legal - Xestadem","isPartOf":{"@id":"https:\/\/xestadem.com\/#website"},"datePublished":"2023-10-27T10:30:39+00:00","dateModified":"2023-12-20T07:20:48+00:00","breadcrumb":{"@id":"https:\/\/xestadem.com\/aviso-legal\/#breadcrumb"},"inLanguage":"en-US","potentialAction":[{"@type":"ReadAction","target":["https:\/\/xestadem.com\/aviso-legal\/"]}]},{"@type":"BreadcrumbList","@id":"https:\/\/xestadem.com\/aviso-legal\/#breadcrumb","itemListElement":[{"@type":"ListItem","position":1,"name":"Portada","item":"https:\/\/xestadem.com\/"},{"@type":"ListItem","position":2,"name":"Aviso legal"}]},{"@type":"WebSite","@id":"https:\/\/xestadem.com\/#website","url":"https:\/\/xestadem.com\/","name":"Xestadem","description":"Xesti\u00f3n e Administraci\u00f3n de Empresas","publisher":{"@id":"https:\/\/xestadem.com\/#organization"},"potentialAction":[{"@type":"SearchAction","target":{"@type":"EntryPoint","urlTemplate":"https:\/\/xestadem.com\/?s={search_term_string}"},"query-input":{"@type":"PropertyValueSpecification","valueRequired":true,"valueName":"search_term_string"}}],"inLanguage":"en-US"},{"@type":"Organization","@id":"https:\/\/xestadem.com\/#organization","name":"Xestadem","url":"https:\/\/xestadem.com\/","logo":{"@type":"ImageObject","inLanguage":"en-US","@id":"https:\/\/xestadem.com\/#\/schema\/logo\/image\/","url":"https:\/\/xestadem.com\/wp-content\/uploads\/2023\/10\/logo-xestadem.png","contentUrl":"https:\/\/xestadem.com\/wp-content\/uploads\/2023\/10\/logo-xestadem.png","width":280,"height":107,"caption":"Xestadem"},"image":{"@id":"https:\/\/xestadem.com\/#\/schema\/logo\/image\/"}}]}},"_links":{"self":[{"href":"https:\/\/xestadem.com\/en\/wp-json\/wp\/v2\/pages\/50","targetHints":{"allow":["GET"]}}],"collection":[{"href":"https:\/\/xestadem.com\/en\/wp-json\/wp\/v2\/pages"}],"about":[{"href":"https:\/\/xestadem.com\/en\/wp-json\/wp\/v2\/types\/page"}],"author":[{"embeddable":true,"href":"https:\/\/xestadem.com\/en\/wp-json\/wp\/v2\/users\/3"}],"replies":[{"embeddable":true,"href":"https:\/\/xestadem.com\/en\/wp-json\/wp\/v2\/comments?post=50"}],"version-history":[{"count":4,"href":"https:\/\/xestadem.com\/en\/wp-json\/wp\/v2\/pages\/50\/revisions"}],"predecessor-version":[{"id":305,"href":"https:\/\/xestadem.com\/en\/wp-json\/wp\/v2\/pages\/50\/revisions\/305"}],"wp:attachment":[{"href":"https:\/\/xestadem.com\/en\/wp-json\/wp\/v2\/media?parent=50"}],"curies":[{"name":"wp","href":"https:\/\/api.w.org\/{rel}","templated":true}]}}